{"id":24364,"date":"2024-02-22T12:19:55","date_gmt":"2024-02-22T10:19:55","guid":{"rendered":"https:\/\/whiterose.ee\/?post_type=product&#038;p=24364"},"modified":"2024-02-22T13:26:57","modified_gmt":"2024-02-22T11:26:57","slug":"kimp-latte-macchiato","status":"publish","type":"product","link":"https:\/\/whiterose.ee\/et\/product_et\/kimp-latte-macchiato\/","title":{"rendered":"Kimp Latte macchiato"},"content":{"rendered":"\t\t<div data-elementor-type=\"wp-post\" data-elementor-id=\"24364\" class=\"elementor elementor-24364 elementor-24356\">\n\t\t\t\t\t\t<section class=\"elementor-section elementor-top-section elementor-element elementor-element-70dc1ef6 elementor-section-boxed elementor-section-height-default elementor-section-height-default\" data-id=\"70dc1ef6\" data-element_type=\"section\" data-e-type=\"section\">\n\t\t\t\t\t\t<div class=\"elementor-container elementor-column-gap-default\">\n\t\t\t\t\t<div class=\"elementor-column elementor-col-100 elementor-top-column elementor-element elementor-element-471f8ff9\" data-id=\"471f8ff9\" data-element_type=\"column\" data-e-type=\"column\">\n\t\t\t<div class=\"elementor-widget-wrap elementor-element-populated\">\n\t\t\t\t\t\t<div class=\"elementor-element elementor-element-585db4c elementor-widget elementor-widget-toggle\" data-id=\"585db4c\" data-element_type=\"widget\" data-e-type=\"widget\" data-widget_type=\"toggle.default\">\n\t\t\t\t\t\t\t<div class=\"elementor-toggle\">\n\t\t\t\t\t\t\t<div class=\"elementor-toggle-item\">\n\t\t\t\t\t<div id=\"elementor-tab-title-9261\" class=\"elementor-tab-title\" data-tab=\"1\" role=\"button\" aria-controls=\"elementor-tab-content-9261\" aria-expanded=\"false\">\n\t\t\t\t\t\t\t\t\t\t\t\t<span class=\"elementor-toggle-icon elementor-toggle-icon-left\" aria-hidden=\"true\">\n\t\t\t\t\t\t\t\t\t\t\t\t\t\t\t<span class=\"elementor-toggle-icon-closed\"><i class=\"fas fa-caret-down\"><\/i><\/span>\n\t\t\t\t\t\t\t\t<span class=\"elementor-toggle-icon-opened\"><i class=\"elementor-toggle-icon-opened fas fa-caret-up\"><\/i><\/span>\n\t\t\t\t\t\t\t\t\t\t\t\t\t<\/span>\n\t\t\t\t\t\t\t\t\t\t\t\t<a class=\"elementor-toggle-title\" tabindex=\"0\">Kohaletoimetamine<\/a>\n\t\t\t\t\t<\/div>\n\n\t\t\t\t\t<div id=\"elementor-tab-content-9261\" class=\"elementor-tab-content elementor-clearfix\" data-tab=\"1\" role=\"region\" aria-labelledby=\"elementor-tab-title-9261\"><ul>\n<li>WHITEROSE firma viib l\u00e4bi lillekimbu kohaletoimetamist Tallinnas ja selle eeslinnas.<\/li>\n<li>Tallinna kohaletoimetamise maksumus on 7 eurot.<\/li>\n<li>Tellimuse summa \u00fcletamisel 100 eurot on kohaletoimetamine Tallinna piires TASUTA.<\/li>\n<li>Kohaletoimetamise aeg koosk\u00f5lastatakse tellija v\u00f5i saajaga.<\/li>\n<li>Tellimused, mis on vastu v\u00f5etud p\u00e4rast kella 14.00, tarnitakse j\u00e4rgmisel p\u00e4eval, kui sellest ei ole meie juhtidega teisiti kokku lepitud.<\/li>\n<\/ul>\n<\/div>\n\t\t\t\t<\/div>\n\t\t\t\t\t\t\t<div class=\"elementor-toggle-item\">\n\t\t\t\t\t<div id=\"elementor-tab-title-9262\" class=\"elementor-tab-title\" data-tab=\"2\" role=\"button\" aria-controls=\"elementor-tab-content-9262\" aria-expanded=\"false\">\n\t\t\t\t\t\t\t\t\t\t\t\t<span class=\"elementor-toggle-icon elementor-toggle-icon-left\" aria-hidden=\"true\">\n\t\t\t\t\t\t\t\t\t\t\t\t\t\t\t<span class=\"elementor-toggle-icon-closed\"><i class=\"fas fa-caret-down\"><\/i><\/span>\n\t\t\t\t\t\t\t\t<span class=\"elementor-toggle-icon-opened\"><i class=\"elementor-toggle-icon-opened fas fa-caret-up\"><\/i><\/span>\n\t\t\t\t\t\t\t\t\t\t\t\t\t<\/span>\n\t\t\t\t\t\t\t\t\t\t\t\t<a class=\"elementor-toggle-title\" tabindex=\"0\">Maksmine<\/a>\n\t\t\t\t\t<\/div>\n\n\t\t\t\t\t<div id=\"elementor-tab-content-9262\" class=\"elementor-tab-content elementor-clearfix\" data-tab=\"2\" role=\"region\" aria-labelledby=\"elementor-tab-title-9262\"><p class=\"bold\"><em><span style=\"text-decoration: underline;\">Sularahas maksmine:<\/span><\/em><\/p>\n<p>Sularahas saate maksta meie lillepoes v\u00f5i kullerilt kauba k\u00e4ttesaamisel. <\/p>\n<p class=\"bold\"><span style=\"text-decoration: underline;\"><em>Pangakaardid<\/em><\/span><\/p>\n<p>Online maksmine Visa v\u00f5i MasterCard kaardiga meie veebisaidil<\/p>\n<p class=\"bold\"><em><span style=\"text-decoration: underline;\">Pangakaudne maksmine:<\/span><\/em><\/p>\n<p>Raha\u00fclekanne v\u00e4ljastatud arve alusel osutatud teenuste eest Teie ettev\u00f5ttele. <\/p>\n<\/div>\n\t\t\t\t<\/div>\n\t\t\t\t\t\t\t<div class=\"elementor-toggle-item\">\n\t\t\t\t\t<div id=\"elementor-tab-title-9263\" class=\"elementor-tab-title\" data-tab=\"3\" role=\"button\" aria-controls=\"elementor-tab-content-9263\" aria-expanded=\"false\">\n\t\t\t\t\t\t\t\t\t\t\t\t<span class=\"elementor-toggle-icon elementor-toggle-icon-left\" aria-hidden=\"true\">\n\t\t\t\t\t\t\t\t\t\t\t\t\t\t\t<span class=\"elementor-toggle-icon-closed\"><i class=\"fas fa-caret-down\"><\/i><\/span>\n\t\t\t\t\t\t\t\t<span class=\"elementor-toggle-icon-opened\"><i class=\"elementor-toggle-icon-opened fas fa-caret-up\"><\/i><\/span>\n\t\t\t\t\t\t\t\t\t\t\t\t\t<\/span>\n\t\t\t\t\t\t\t\t\t\t\t\t<a class=\"elementor-toggle-title\" tabindex=\"0\">Hooajalised erip\u00e4rad<\/a>\n\t\t\t\t\t<\/div>\n\n\t\t\t\t\t<div id=\"elementor-tab-content-9263\" class=\"elementor-tab-content elementor-clearfix\" data-tab=\"3\" role=\"region\" aria-labelledby=\"elementor-tab-title-9263\"><p>M\u00f5ned lilled, mida kasutatakse kimpudes ja kompositsioonides, on hooajalised ja v\u00f5ivad tellimuse p\u00e4eval olla saadavuselt piiratud. Sellisel juhul valivad meie floristid sarnase asenduse, s\u00e4ilitades lillekimbu v\u00e4rvipaleti, suuruse ja &#8220;meeleolu&#8221;. Me v\u00f5tame teiega kindlasti \u00fchendust ja koosk\u00f5lastame muudatused. <\/p>\n<\/div>\n\t\t\t\t<\/div>\n\t\t\t\t\t\t\t<div class=\"elementor-toggle-item\">\n\t\t\t\t\t<div id=\"elementor-tab-title-9264\" class=\"elementor-tab-title\" data-tab=\"4\" role=\"button\" aria-controls=\"elementor-tab-content-9264\" aria-expanded=\"false\">\n\t\t\t\t\t\t\t\t\t\t\t\t<span class=\"elementor-toggle-icon elementor-toggle-icon-left\" aria-hidden=\"true\">\n\t\t\t\t\t\t\t\t\t\t\t\t\t\t\t<span class=\"elementor-toggle-icon-closed\"><i class=\"fas fa-caret-down\"><\/i><\/span>\n\t\t\t\t\t\t\t\t<span class=\"elementor-toggle-icon-opened\"><i class=\"elementor-toggle-icon-opened fas fa-caret-up\"><\/i><\/span>\n\t\t\t\t\t\t\t\t\t\t\t\t\t<\/span>\n\t\t\t\t\t\t\t\t\t\t\t\t<a class=\"elementor-toggle-title\" tabindex=\"0\">Kimbu suurus<\/a>\n\t\t\t\t\t<\/div>\n\n\t\t\t\t\t<div id=\"elementor-tab-content-9264\" class=\"elementor-tab-content elementor-clearfix\" data-tab=\"4\" role=\"region\" aria-labelledby=\"elementor-tab-title-9264\"><p><img decoding=\"async\" class=\"alignnone size-medium wp-image-20188\" src=\"https:\/\/whiterose.ee\/wp-content\/uploads\/2023\/01\/size-chart-bouquet-300x75.jpg\" alt=\"\" width=\"300\" height=\"75\" srcset=\"https:\/\/whiterose.ee\/wp-content\/uploads\/2023\/01\/size-chart-bouquet-300x75.jpg 300w, https:\/\/whiterose.ee\/wp-content\/uploads\/2023\/01\/size-chart-bouquet-768x192.jpg 768w, https:\/\/whiterose.ee\/wp-content\/uploads\/2023\/01\/size-chart-bouquet-600x150.jpg 600w, https:\/\/whiterose.ee\/wp-content\/uploads\/2023\/01\/size-chart-bouquet.jpg 1000w\" sizes=\"(max-width: 300px) 100vw, 300px\" \/><\/p>\n<p>On v\u00f5imalik suurendada\/v\u00e4hendada lillekimbu t\u00e4itmist, s\u00e4ilitades samal ajal v\u00e4rvipaleti ja stiili.<\/p>\n<\/div>\n\t\t\t\t<\/div>\n\t\t\t\t\t\t\t\t<\/div>\n\t\t\t\t\t\t<\/div>\n\t\t\t\t\t<\/div>\n\t\t<\/div>\n\t\t\t\t\t<\/div>\n\t\t<\/section>\n\t\t\t\t<\/div>\n\t\t","protected":false},"excerpt":{"rendered":"<p>PILDIL SUURUS &#8220;XL&#8221;<\/p>\n","protected":false},"featured_media":24265,"template":"","meta":[],"product_brand":[],"product_cat":[391,385],"product_tag":[338,332,333,339,331],"class_list":{"0":"post-24364","1":"product","2":"type-product","3":"status-publish","4":"has-post-thumbnail","6":"product_cat-sugisekimbud","7":"product_cat-uncategorized-et","8":"product_tag-abieluettepanek","9":"product_tag-juubel","10":"product_tag-lapse-sund","11":"product_tag-pulma-aastapaev","12":"product_tag-sunnipaev","14":"first","15":"outofstock","16":"shipping-taxable","17":"purchasable","18":"product-type-variable","19":"has-default-attributes"},"aioseo_notices":[],"_links":{"self":[{"href":"https:\/\/whiterose.ee\/et\/wp-json\/wp\/v2\/product\/24364","targetHints":{"allow":["GET"]}}],"collection":[{"href":"https:\/\/whiterose.ee\/et\/wp-json\/wp\/v2\/product"}],"about":[{"href":"https:\/\/whiterose.ee\/et\/wp-json\/wp\/v2\/types\/product"}],"version-history":[{"count":0,"href":"https:\/\/whiterose.ee\/et\/wp-json\/wp\/v2\/product\/24364\/revisions"}],"wp:featuredmedia":[{"embeddable":true,"href":"https:\/\/whiterose.ee\/et\/wp-json\/wp\/v2\/media\/24265"}],"wp:attachment":[{"href":"https:\/\/whiterose.ee\/et\/wp-json\/wp\/v2\/media?parent=24364"}],"wp:term":[{"taxonomy":"product_brand","embeddable":true,"href":"https:\/\/whiterose.ee\/et\/wp-json\/wp\/v2\/product_brand?post=24364"},{"taxonomy":"product_cat","embeddable":true,"href":"https:\/\/whiterose.ee\/et\/wp-json\/wp\/v2\/product_cat?post=24364"},{"taxonomy":"product_tag","embeddable":true,"href":"https:\/\/whiterose.ee\/et\/wp-json\/wp\/v2\/product_tag?post=24364"}],"curies":[{"name":"wp","href":"https:\/\/api.w.org\/{rel}","templated":true}]}}