{"id":22869,"date":"2023-11-28T10:32:01","date_gmt":"2023-11-28T08:32:01","guid":{"rendered":"https:\/\/whiterose.ee\/product\/kimp-a-touch-of-caramel\/"},"modified":"2026-03-21T17:33:40","modified_gmt":"2026-03-21T15:33:40","slug":"kimp-a-touch-of-caramel","status":"publish","type":"product","link":"https:\/\/whiterose.ee\/et\/product_et\/kimp-a-touch-of-caramel\/","title":{"rendered":"Kimp A touch of caramel"},"content":{"rendered":"\t\t<div data-elementor-type=\"wp-post\" data-elementor-id=\"22869\" class=\"elementor elementor-22869 elementor-21903\">\n\t\t\t\t\t\t<section class=\"elementor-section elementor-top-section elementor-element elementor-element-70dc1ef6 elementor-section-boxed elementor-section-height-default elementor-section-height-default\" data-id=\"70dc1ef6\" data-element_type=\"section\" data-e-type=\"section\">\n\t\t\t\t\t\t<div class=\"elementor-container elementor-column-gap-default\">\n\t\t\t\t\t<div class=\"elementor-column elementor-col-100 elementor-top-column elementor-element elementor-element-471f8ff9\" data-id=\"471f8ff9\" data-element_type=\"column\" data-e-type=\"column\">\n\t\t\t<div class=\"elementor-widget-wrap elementor-element-populated\">\n\t\t\t\t\t\t<div class=\"elementor-element elementor-element-585db4c elementor-widget elementor-widget-toggle\" data-id=\"585db4c\" data-element_type=\"widget\" data-e-type=\"widget\" data-widget_type=\"toggle.default\">\n\t\t\t\t\t\t\t<div class=\"elementor-toggle\">\n\t\t\t\t\t\t\t<div class=\"elementor-toggle-item\">\n\t\t\t\t\t<div id=\"elementor-tab-title-9261\" class=\"elementor-tab-title\" data-tab=\"1\" role=\"button\" aria-controls=\"elementor-tab-content-9261\" aria-expanded=\"false\">\n\t\t\t\t\t\t\t\t\t\t\t\t<span class=\"elementor-toggle-icon elementor-toggle-icon-left\" aria-hidden=\"true\">\n\t\t\t\t\t\t\t\t\t\t\t\t\t\t\t<span class=\"elementor-toggle-icon-closed\"><i class=\"fas fa-caret-down\"><\/i><\/span>\n\t\t\t\t\t\t\t\t<span class=\"elementor-toggle-icon-opened\"><i class=\"elementor-toggle-icon-opened fas fa-caret-up\"><\/i><\/span>\n\t\t\t\t\t\t\t\t\t\t\t\t\t<\/span>\n\t\t\t\t\t\t\t\t\t\t\t\t<a class=\"elementor-toggle-title\" tabindex=\"0\">Kohaletoimetamine<\/a>\n\t\t\t\t\t<\/div>\n\n\t\t\t\t\t<div id=\"elementor-tab-content-9261\" class=\"elementor-tab-content elementor-clearfix\" data-tab=\"1\" role=\"region\" aria-labelledby=\"elementor-tab-title-9261\"><ul>\n<li>WHITEROSE ettev\u00f5te toimetab kimpe Tallinna ja \u00e4\u00e4relinna.<\/li>\n<li>Tallinna tarnekulu on 7\u20ac<\/li>\n<li>Tellimisel \u00fcle 100\u20ac &#8211; TASUTA kohaletoimetamine Tallinna piires.<\/li>\n<li>Tellimisaeg lepitakse kokku tellija v\u00f5i saajaga.<\/li>\n<li>Tellimused, mis on vastu v\u00f5etud p\u00e4rast 14.00 j\u00f5uavad kohale j\u00e4rgmisel p\u00e4eval, kui meie juhtidega ei ole teisiti koosk\u00f5lastatud.<\/li>\n<\/ul>\n<\/div>\n\t\t\t\t<\/div>\n\t\t\t\t\t\t\t<div class=\"elementor-toggle-item\">\n\t\t\t\t\t<div id=\"elementor-tab-title-9262\" class=\"elementor-tab-title\" data-tab=\"2\" role=\"button\" aria-controls=\"elementor-tab-content-9262\" aria-expanded=\"false\">\n\t\t\t\t\t\t\t\t\t\t\t\t<span class=\"elementor-toggle-icon elementor-toggle-icon-left\" aria-hidden=\"true\">\n\t\t\t\t\t\t\t\t\t\t\t\t\t\t\t<span class=\"elementor-toggle-icon-closed\"><i class=\"fas fa-caret-down\"><\/i><\/span>\n\t\t\t\t\t\t\t\t<span class=\"elementor-toggle-icon-opened\"><i class=\"elementor-toggle-icon-opened fas fa-caret-up\"><\/i><\/span>\n\t\t\t\t\t\t\t\t\t\t\t\t\t<\/span>\n\t\t\t\t\t\t\t\t\t\t\t\t<a class=\"elementor-toggle-title\" tabindex=\"0\">Maksmine<\/a>\n\t\t\t\t\t<\/div>\n\n\t\t\t\t\t<div id=\"elementor-tab-content-9262\" class=\"elementor-tab-content elementor-clearfix\" data-tab=\"2\" role=\"region\" aria-labelledby=\"elementor-tab-title-9262\"><p class=\"bold\"><em><span style=\"text-decoration: underline;\">Rahaarvestus:<\/span><\/em><\/p>\n<p>Maksta sularahas saad meie lillesalongis v\u00f5i kullerilt kauba saamisel.\u00a0<\/p>\n<p class=\"bold\"><span style=\"text-decoration: underline;\"><em>Pangakaardid:<\/em><\/span><\/p>\n<p>Maksmine veebis veebilehel Visa v\u00f5i MasterCard kaardiga<\/p>\n<p class=\"bold\"><em><span style=\"text-decoration: underline;\">V\u00e4\u00e4rtuslik arvestus:<\/span><\/em><\/p>\n<p> Raha \u00fclekandmine esitatud kontole Teie firmale osutatud teenustele.\u00a0<\/p>\n<\/div>\n\t\t\t\t<\/div>\n\t\t\t\t\t\t\t<div class=\"elementor-toggle-item\">\n\t\t\t\t\t<div id=\"elementor-tab-title-9263\" class=\"elementor-tab-title\" data-tab=\"3\" role=\"button\" aria-controls=\"elementor-tab-content-9263\" aria-expanded=\"false\">\n\t\t\t\t\t\t\t\t\t\t\t\t<span class=\"elementor-toggle-icon elementor-toggle-icon-left\" aria-hidden=\"true\">\n\t\t\t\t\t\t\t\t\t\t\t\t\t\t\t<span class=\"elementor-toggle-icon-closed\"><i class=\"fas fa-caret-down\"><\/i><\/span>\n\t\t\t\t\t\t\t\t<span class=\"elementor-toggle-icon-opened\"><i class=\"elementor-toggle-icon-opened fas fa-caret-up\"><\/i><\/span>\n\t\t\t\t\t\t\t\t\t\t\t\t\t<\/span>\n\t\t\t\t\t\t\t\t\t\t\t\t<a class=\"elementor-toggle-title\" tabindex=\"0\">Hooajalised erip\u00e4rad<\/a>\n\t\t\t\t\t<\/div>\n\n\t\t\t\t\t<div id=\"elementor-tab-content-9263\" class=\"elementor-tab-content elementor-clearfix\" data-tab=\"3\" role=\"region\" aria-labelledby=\"elementor-tab-title-9263\"><p>M\u00f5ned lilled, mida kasutatakse kimpudes ja kompositsioonides, on hooajalised ja ei pruugi olla tellimisp\u00e4eval saadaval. Sellisel juhul valivad meie floristid identse asenduse, s\u00e4ilitades kimbu v\u00e4rvigamma, suuruse ja &#8220;meeleolu&#8221;. V\u00f5tame Teiega kindlasti \u00fchendust ja koosk\u00f5lastame muudatused.\u00a0<\/p>\n<\/div>\n\t\t\t\t<\/div>\n\t\t\t\t\t\t\t<div class=\"elementor-toggle-item\">\n\t\t\t\t\t<div id=\"elementor-tab-title-9264\" class=\"elementor-tab-title\" data-tab=\"4\" role=\"button\" aria-controls=\"elementor-tab-content-9264\" aria-expanded=\"false\">\n\t\t\t\t\t\t\t\t\t\t\t\t<span class=\"elementor-toggle-icon elementor-toggle-icon-left\" aria-hidden=\"true\">\n\t\t\t\t\t\t\t\t\t\t\t\t\t\t\t<span class=\"elementor-toggle-icon-closed\"><i class=\"fas fa-caret-down\"><\/i><\/span>\n\t\t\t\t\t\t\t\t<span class=\"elementor-toggle-icon-opened\"><i class=\"elementor-toggle-icon-opened fas fa-caret-up\"><\/i><\/span>\n\t\t\t\t\t\t\t\t\t\t\t\t\t<\/span>\n\t\t\t\t\t\t\t\t\t\t\t\t<a class=\"elementor-toggle-title\" tabindex=\"0\">Kimbu suurus<\/a>\n\t\t\t\t\t<\/div>\n\n\t\t\t\t\t<div id=\"elementor-tab-content-9264\" class=\"elementor-tab-content elementor-clearfix\" data-tab=\"4\" role=\"region\" aria-labelledby=\"elementor-tab-title-9264\"><p><img decoding=\"async\" class=\"alignnone size-medium wp-image-20188\" src=\"https:\/\/whiterose.ee\/wp-content\/uploads\/2023\/01\/size-chart-bouquet-300x75.jpg\" alt=\"\" width=\"300\" height=\"75\" srcset=\"https:\/\/whiterose.ee\/wp-content\/uploads\/2023\/01\/size-chart-bouquet-300x75.jpg 300w, https:\/\/whiterose.ee\/wp-content\/uploads\/2023\/01\/size-chart-bouquet-768x192.jpg 768w, https:\/\/whiterose.ee\/wp-content\/uploads\/2023\/01\/size-chart-bouquet-600x150.jpg 600w, https:\/\/whiterose.ee\/wp-content\/uploads\/2023\/01\/size-chart-bouquet.jpg 1000w\" sizes=\"(max-width: 300px) 100vw, 300px\" \/><\/p>\n<p>V\u00f5imalik on suurendada\/v\u00e4hendada kimbu t\u00e4itmist v\u00e4rvigamma ja stilistika s\u00e4ilitamisel<\/p>\n<\/div>\n\t\t\t\t<\/div>\n\t\t\t\t\t\t\t\t<\/div>\n\t\t\t\t\t\t<\/div>\n\t\t\t\t\t<\/div>\n\t\t<\/div>\n\t\t\t\t\t<\/div>\n\t\t<\/section>\n\t\t\t\t<\/div>\n\t\t","protected":false},"excerpt":{"rendered":"<p>Hydrangea, rose, anthurium, freesia<\/p>\n<p>&nbsp;<\/p>\n<p>PILDIL SUURUS &#8220;L&#8221;<\/p>\n","protected":false},"featured_media":21909,"template":"","meta":[],"product_brand":[],"product_cat":[329],"product_tag":[334,336,331],"class_list":{"0":"post-22869","1":"product","2":"type-product","3":"status-publish","4":"has-post-thumbnail","6":"product_cat-kimbud","7":"product_tag-kohting","8":"product_tag-lilled-kolleegile","9":"product_tag-sunnipaev","11":"first","12":"instock","13":"featured","14":"shipping-taxable","15":"purchasable","16":"product-type-variable","17":"has-default-attributes"},"aioseo_notices":[],"_links":{"self":[{"href":"https:\/\/whiterose.ee\/et\/wp-json\/wp\/v2\/product\/22869","targetHints":{"allow":["GET"]}}],"collection":[{"href":"https:\/\/whiterose.ee\/et\/wp-json\/wp\/v2\/product"}],"about":[{"href":"https:\/\/whiterose.ee\/et\/wp-json\/wp\/v2\/types\/product"}],"version-history":[{"count":2,"href":"https:\/\/whiterose.ee\/et\/wp-json\/wp\/v2\/product\/22869\/revisions"}],"predecessor-version":[{"id":27149,"href":"https:\/\/whiterose.ee\/et\/wp-json\/wp\/v2\/product\/22869\/revisions\/27149"}],"wp:featuredmedia":[{"embeddable":true,"href":"https:\/\/whiterose.ee\/et\/wp-json\/wp\/v2\/media\/21909"}],"wp:attachment":[{"href":"https:\/\/whiterose.ee\/et\/wp-json\/wp\/v2\/media?parent=22869"}],"wp:term":[{"taxonomy":"product_brand","embeddable":true,"href":"https:\/\/whiterose.ee\/et\/wp-json\/wp\/v2\/product_brand?post=22869"},{"taxonomy":"product_cat","embeddable":true,"href":"https:\/\/whiterose.ee\/et\/wp-json\/wp\/v2\/product_cat?post=22869"},{"taxonomy":"product_tag","embeddable":true,"href":"https:\/\/whiterose.ee\/et\/wp-json\/wp\/v2\/product_tag?post=22869"}],"curies":[{"name":"wp","href":"https:\/\/api.w.org\/{rel}","templated":true}]}}