{"id":26620,"date":"2023-02-01T08:43:36","date_gmt":"2023-02-01T06:43:36","guid":{"rendered":"https:\/\/whiterose.ee\/?page_id=26620"},"modified":"2025-11-18T14:07:02","modified_gmt":"2025-11-18T12:07:02","slug":"soovitused-ladustamiseks","status":"publish","type":"page","link":"https:\/\/whiterose.ee\/et\/soovitused-ladustamiseks\/","title":{"rendered":"Soovitused ladustamiseks"},"content":{"rendered":"\t\t<div data-elementor-type=\"wp-page\" data-elementor-id=\"26620\" class=\"elementor elementor-26620 elementor-20366\">\n\t\t\t\t\t\t<section class=\"elementor-section elementor-top-section elementor-element elementor-element-8e4e892 elementor-section-boxed elementor-section-height-default elementor-section-height-default\" data-id=\"8e4e892\" data-element_type=\"section\" data-e-type=\"section\">\n\t\t\t\t\t\t<div class=\"elementor-container elementor-column-gap-default\">\n\t\t\t\t\t<div class=\"elementor-column elementor-col-100 elementor-top-column elementor-element elementor-element-c71c781\" data-id=\"c71c781\" data-element_type=\"column\" data-e-type=\"column\">\n\t\t\t<div class=\"elementor-widget-wrap elementor-element-populated\">\n\t\t\t\t\t\t<section class=\"elementor-section elementor-inner-section elementor-element elementor-element-3fddfcb elementor-section-boxed elementor-section-height-default elementor-section-height-default\" data-id=\"3fddfcb\" data-element_type=\"section\" data-e-type=\"section\">\n\t\t\t\t\t\t<div class=\"elementor-container elementor-column-gap-default\">\n\t\t\t\t\t<div class=\"elementor-column elementor-col-100 elementor-inner-column elementor-element elementor-element-35603e6\" data-id=\"35603e6\" data-element_type=\"column\" data-e-type=\"column\">\n\t\t\t<div class=\"elementor-widget-wrap elementor-element-populated\">\n\t\t\t\t\t\t<div class=\"elementor-element elementor-element-0f0b4b1 elementor-widget elementor-widget-text-editor\" data-id=\"0f0b4b1\" data-element_type=\"widget\" data-e-type=\"widget\" data-widget_type=\"text-editor.default\">\n\t\t\t\t\t\t\t\t\t<p dir=\"auto\" data-pm-slice=\"1 1 []\">Kas te olete kunagi soovinud, et teie lilled kestaksid kauem? \u00d5ige lillehoolduse juhendi abil saate pikendada oma lillede eluiga ja nautida nende ilu kauem! See juhend annab teile kogu vajaliku teabe, et korralikult oma lilli hooldada ja tagada, et nad p\u00fcsiksid ideaalses seisukorras. Me k\u00e4sitleme teemasid nagu kastmine, p\u00fcgamine, v\u00e4etamine ja palju muud, et saaksite oma lilledest maksimumi v\u00f5tta. Selle juhendi abil saate pikendada oma lillede eluiga ja hoida neid kauem kaunina!<\/p>\n\t\t\t\t\t\t\t\t<\/div>\n\t\t\t\t<div class=\"elementor-element elementor-element-96c72d9 elementor-widget elementor-widget-text-editor\" data-id=\"96c72d9\" data-element_type=\"widget\" data-e-type=\"widget\" data-widget_type=\"text-editor.default\">\n\t\t\t\t\t\t\t\t\t<p><strong>Lilleseaded<\/strong> (Lilled vahtalusikal)<\/p>\n<p>Selleks, et tagada teie lillede pikim eluiga, t\u00e4itke vaas puhta toatemperatuuriga veega iga teine p\u00e4ev, kuna oasis v\u00f5ib kiiresti kuivada. <\/p>\n<p>Hoidke oma lilli eelistatavalt iga p\u00e4ev, eemaldades k\u00f5ik surnud v\u00f5i n\u00e4rtsinud lilled.<\/p>\n<p>As placeerige lilled eemale otsesest p\u00e4ikesevalgusest, radiaatoritest ja kliimaseadmetest. Lilled ei meeldi \u00e4\u00e4rmuslik kuumus, k\u00fclm ega tuulet\u00f5mbus. Samuti v\u00e4ltige puuviljade l\u00e4hedust, kuna puuviljad toodavad loomulikult et\u00fcleeni ja see l\u00f5hnatu gaas l\u00fchendab teie lillede vaasi eluiga.<\/p>\n<p><strong>Kimbud<\/strong><\/p>\n<p>Eemaldage kingituse pakend, lastes lilledele hingata. L\u00f5igake iga kimbuvart terava k\u00e4\u00e4ridega nurga all, eemaldades varre 2 cm.<\/p>\n<p>Asetage need p\u00f5hjalikult puhtasse vaasi v\u00e4rske veega. Palun \u00e4rge l\u00f5igake sidumisn\u00f6\u00f6ri, kui soovite, et nad oleksid kujundatud nii, nagu me kavandasime. <\/p>\n<p>Vajadusel t\u00e4itke puhta veega igap\u00e4evaselt. Ideaaljuhul l\u00f5igake varsi ja vahetage vett iga 3 p\u00e4eva tagant. M\u00e4rkus: v\u00e4ga k\u00fclm v\u00f5i kuum vesi stressib lilli, seega kasutage palun vett toatemperatuuril.<\/p>\n<p>Asetage oma <strong>kimp<\/strong> eemale otsesest p\u00e4ikesevalgusest, radiaatoritest ja kliimaseadmetest. Samuti v\u00e4ltige puuviljade l\u00e4hedust, kuna puuviljad toodavad loomulikult et\u00fcleeni ja see l\u00f5hnatu gaas l\u00fchendab teie lillede vaasi eluiga.<\/p>\n<p>Palun olge ettevaatlik, kui paigutate oma lilleseade kodu v\u00f5i kontori sisekujundusse, kuna veest lekete ja niiskuse p\u00f5hjustatud kahjustused v\u00f5ivad m\u00f5jutada tundlikke pindu. <\/p>\n\t\t\t\t\t\t\t\t<\/div>\n\t\t\t\t\t<\/div>\n\t\t<\/div>\n\t\t\t\t\t<\/div>\n\t\t<\/section>\n\t\t\t\t\t<\/div>\n\t\t<\/div>\n\t\t\t\t\t<\/div>\n\t\t<\/section>\n\t\t\t\t<\/div>\n\t\t","protected":false},"excerpt":{"rendered":"<p>Kas te olete kunagi soovinud, et teie lilled kestaksid kauem? \u00d5ige lillehoolduse juhendi abil saate pikendada oma lillede eluiga ja nautida nende ilu kauem! See juhend annab teile kogu vajaliku teabe, et korralikult oma lilli hooldada ja tagada, et nad p\u00fcsiksid ideaalses seisukorras. Me k\u00e4sitleme teemasid nagu kastmine, p\u00fcgamine, v\u00e4etamine ja palju muud, et saaksite [&hellip;]<\/p>\n","protected":false},"author":1,"featured_media":0,"parent":0,"menu_order":0,"comment_status":"closed","ping_status":"closed","template":"","meta":{"footnotes":""},"class_list":["post-26620","page","type-page","status-publish","hentry"],"aioseo_notices":[],"_links":{"self":[{"href":"https:\/\/whiterose.ee\/et\/wp-json\/wp\/v2\/pages\/26620","targetHints":{"allow":["GET"]}}],"collection":[{"href":"https:\/\/whiterose.ee\/et\/wp-json\/wp\/v2\/pages"}],"about":[{"href":"https:\/\/whiterose.ee\/et\/wp-json\/wp\/v2\/types\/page"}],"author":[{"embeddable":true,"href":"https:\/\/whiterose.ee\/et\/wp-json\/wp\/v2\/users\/1"}],"replies":[{"embeddable":true,"href":"https:\/\/whiterose.ee\/et\/wp-json\/wp\/v2\/comments?post=26620"}],"version-history":[{"count":0,"href":"https:\/\/whiterose.ee\/et\/wp-json\/wp\/v2\/pages\/26620\/revisions"}],"wp:attachment":[{"href":"https:\/\/whiterose.ee\/et\/wp-json\/wp\/v2\/media?parent=26620"}],"curies":[{"name":"wp","href":"https:\/\/api.w.org\/{rel}","templated":true}]}}