{"id":21322,"date":"2022-11-29T11:37:38","date_gmt":"2022-11-29T09:37:38","guid":{"rendered":"https:\/\/whiterose.ee\/privaatsuspoliitika\/"},"modified":"2025-11-18T15:22:15","modified_gmt":"2025-11-18T13:22:15","slug":"privaatsuspoliitika","status":"publish","type":"page","link":"https:\/\/whiterose.ee\/et\/privaatsuspoliitika\/","title":{"rendered":"Privaatsuspoliitika"},"content":{"rendered":"\t\t<div data-elementor-type=\"wp-page\" data-elementor-id=\"21322\" class=\"elementor elementor-21322 elementor-3\">\n\t\t\t\t\t\t<section class=\"elementor-section elementor-top-section elementor-element elementor-element-8d3ceb5 elementor-section-boxed elementor-section-height-default elementor-section-height-default\" data-id=\"8d3ceb5\" data-element_type=\"section\" data-e-type=\"section\">\n\t\t\t\t\t\t<div class=\"elementor-container elementor-column-gap-default\">\n\t\t\t\t\t<div class=\"elementor-column elementor-col-100 elementor-top-column elementor-element elementor-element-64c71c77\" data-id=\"64c71c77\" data-element_type=\"column\" data-e-type=\"column\">\n\t\t\t<div class=\"elementor-widget-wrap elementor-element-populated\">\n\t\t\t\t\t\t<div class=\"elementor-element elementor-element-612ec6e7 elementor-widget elementor-widget-text-editor\" data-id=\"612ec6e7\" data-element_type=\"widget\" data-e-type=\"widget\" data-widget_type=\"text-editor.default\">\n\t\t\t\t\t\t\t\t\t\n<h2>Isikuandmete esitamine ja kasutamine<\/h2>\n<p>WHITEROSE O\u00dc palub oma veebipoes whiterose.ee esitada isikuandmeid: e-posti aadress, teie nimi, organisatsiooni nimi, saaja nimi, telefoninumber ja aadress, et tagada tellimuse kohaletoimetamine ja t\u00e4ita kohustused tellija ees. Me ei edasta oma klientide isikuandmeid kolmandatele isikutele, v\u00e4lja arvatud juhul, kui vastavat teavet vajab kullerteenus, kes vastutab lillede kohaletoimetamise eest. Samuti vastavalt Eesti Vabariigi seadustele.  <\/p>\n<h2>Isikuandmete kaitse<\/h2>\n<p>WHITEROSE O\u00dc rakendab veebipoes whiterose.ee k\u00f5iki tuntud ettevaatusabin\u00f5usid klientide isikuandmete kaitsmiseks. Andmetele on juurdep\u00e4\u00e4s ainult volitatud isikutel. <\/p>\n<h2>Turvalisus<\/h2>\n<p>K\u00f5ik klientide isikuandmed, mis on kogutud veebipoes whiterose.ee ostude tegemisel, k\u00e4sitletakse konfidentsiaalsena. Pankade kaudu tehtavad maksed on turvalised, kuna need on kr\u00fcpteeritud pangakanalite kaudu. <\/p>\n<h2>N\u00f5usolek konfidentsiaalsuse ja muudatuste kohta<\/h2>\n<p>Kasutades veebipoodi whiterose.ee, kinnitab klient oma n\u00f5usolekut k\u00e4esoleva privaatsuspoliitikaga. Firma WHITEROSE O\u00dc veebipoes whiterose.ee j\u00e4tab endale \u00f5iguse muuta privaatsuspoliitika tingimusi. Kui teil on k\u00fcsimusi privaatsuspoliitika kohta v\u00f5i tekib probleeme, v\u00f5tke meiega \u00fchendust:<br> <a href=\"mailto:whiterose.bouquets@gmail.com\" target=\"_blank\" rel=\"noopener\">whiterose.bouquets@gmail.com<\/a>  <\/p>\n<h2>Tagastustingimused<\/h2>\n<p>1. Vastavalt Eesti Vabariigi tarbijakaitse seadusele (26.04.12, nr.1-1\/12-019) ei laiene garantii-ja tagastamis\u00f5igus kiirestiriknevatele kaupadele, mille hulka kuuluvad ka lilled.<\/p>\n<p>2. 14-p\u00e4evane taganemis\u00f5igus ei kehti kauba puhul (v\u00f5s \u00a7 53 lg 4) mis on valmistatud tellija isiklikke vajadusi arvestades v\u00f5i tellija esitatud tingimuste kohaselt (nt tarbija m\u00f5\u00f5tude j\u00e4rgi); mis on kiiresti riknev.<\/p>\n\t\t\t\t\t\t\t\t<\/div>\n\t\t\t\t\t<\/div>\n\t\t<\/div>\n\t\t\t\t\t<\/div>\n\t\t<\/section>\n\t\t\t\t<\/div>\n\t\t","protected":false},"excerpt":{"rendered":"<p>Isikuandmete esitamine ja kasutamine WHITEROSE O\u00dc palub oma veebipoes whiterose.ee esitada isikuandmeid: e-posti aadress, teie nimi, organisatsiooni nimi, saaja nimi, telefoninumber ja aadress, et tagada tellimuse kohaletoimetamine ja t\u00e4ita kohustused tellija ees. Me ei edasta oma klientide isikuandmeid kolmandatele isikutele, v\u00e4lja arvatud juhul, kui vastavat teavet vajab kullerteenus, kes vastutab lillede kohaletoimetamise eest. Samuti vastavalt [&hellip;]<\/p>\n","protected":false},"author":1,"featured_media":0,"parent":0,"menu_order":0,"comment_status":"closed","ping_status":"open","template":"","meta":{"footnotes":""},"class_list":["post-21322","page","type-page","status-publish","hentry"],"aioseo_notices":[],"_links":{"self":[{"href":"https:\/\/whiterose.ee\/et\/wp-json\/wp\/v2\/pages\/21322","targetHints":{"allow":["GET"]}}],"collection":[{"href":"https:\/\/whiterose.ee\/et\/wp-json\/wp\/v2\/pages"}],"about":[{"href":"https:\/\/whiterose.ee\/et\/wp-json\/wp\/v2\/types\/page"}],"author":[{"embeddable":true,"href":"https:\/\/whiterose.ee\/et\/wp-json\/wp\/v2\/users\/1"}],"replies":[{"embeddable":true,"href":"https:\/\/whiterose.ee\/et\/wp-json\/wp\/v2\/comments?post=21322"}],"version-history":[{"count":0,"href":"https:\/\/whiterose.ee\/et\/wp-json\/wp\/v2\/pages\/21322\/revisions"}],"wp:attachment":[{"href":"https:\/\/whiterose.ee\/et\/wp-json\/wp\/v2\/media?parent=21322"}],"curies":[{"name":"wp","href":"https:\/\/api.w.org\/{rel}","templated":true}]}}